{"id":347,"date":"2023-06-05T16:16:21","date_gmt":"2023-06-05T09:16:21","guid":{"rendered":"http:\/\/gloryalliance.southteam.co\/?page_id=347"},"modified":"2023-06-08T17:25:26","modified_gmt":"2023-06-08T10:25:26","slug":"tracking","status":"publish","type":"page","link":"https:\/\/gloryalliance.vn\/en\/tracking\/","title":{"rendered":"Tracking"},"content":{"rendered":"<section class=\"wpb-content-wrapper\"><p>[vc_row][vc_column]<div class=\"tracking\">\n            <div class=\"span6 offset3 text-center\" style=\"max-width: 800px;    margin: auto;    border: 1px solid #b1b1b1;    border-radius: 15px;    padding: 20px;    margin-bottom: 20px;\">\n                <div class=\"media cover_box\">\n                    <div class=\"media-body\">\n                        <div class=\"row-fluid\">\n                            <i class=\"icon-calendar icon-medium\"><\/i>\n                            <div class=\"text-center\">\n\t<h3 class=\"title\">Order lookup<\/h3>\n\t\t\t\t\t\t\t\t<div style=\"height:20px;\"><\/div>\n\t<\/div>\n                            <!--<i class=\"icon-minus icon-medium\" id=\"collapse-schedule-form\"><\/i>-->\n                        <\/div>\n\n                        <!--Full form-->\n                        <form class=\"tracking_search\" id=\"schedule-full-form\" action=\"https:\/\/gloryalliance.vn\/en\/?p=329\" method=\"get\">          \n                                <input  class=\"input-block-level form-control mb-2\" placeholder=\"Enter container number, bill of lading code...\" type=\"text\" name=\"track_id\" \/>                            \n                         <input class=\"btn btn-primary btn-medium pull-right tracking-btn\" type=\"submit\" value=\"Tracking\" \/>                        <\/form>                    <\/div>\n                <\/div>\n            <\/div>\n        <\/div>\t\n<div class=\"info-listing\" style=\"display:none;\">\n\t<table class=\"table table-bordered\">\n\t\t<thead>\n    <tr>\n      <th style=\"width: 160px;\">S\u1ed1 Cont c\u1ea7n check<\/th>\n      <th>Size<\/th>\n      <th style=\"width: 95px;\">S\u1ed1 L\u1ea7n K\u1ebft H\u1ee3p<\/th>\n      <th style=\"width: 90px;\">Ghi ch\u00fa k\u1ebft h\u1ee3p<\/th>\n\t\t<th>T\u00ecnh tr\u1ea1ng<\/th>\n\t\t<th style=\"width: 95px;\">Ghi ch\u00fa t\u00ecnh tr\u1ea1ng<\/th>\n\t\t<th style=\"width: 90px;\">M\u00e3 ch\u1ea5t l\u01b0\u1ee3ng<\/th>\n\t\t<th>L\u01b0u \u00fd<\/th>\n\t\t<th>K\u1ebft qu\u1ea3<\/th>\n    <\/tr>\n  <\/thead>\n <tbody>\n    <tr>\n      <th class=\"info_list\" id=\"cont_id\"><\/th>\n      <td class=\"info_list\" id=\"size\"><\/td>\n      <td class=\"info_list\" id=\"combinetimes\"><\/td>\n      <td class=\"info_list\" id=\"combinenote\"><\/td>\n\t\t<td class=\"info_list\" id=\"status\"><\/td>\n\t\t<td class=\"info_list\" id=\"statusnote\"><\/td>\n\t\t<td class=\"info_list\" id=\"qualitycode\"><\/td>\n\t\t<td class=\"info_list\" id=\"usagenote\"><\/td>\n\t\t<td class=\"info_list\" id=\"result\"><\/td>\n    <\/tr>\n  <\/tbody>\n\t<\/table> \n<\/div>\n<script type=\"text\/javascript\">\n\tjQuery(document).ready(function ($) {\n\t\t$(\".tracking_search\").submit(function(event) {\n\t\t\t\tevent.preventDefault(); \n\t\t\t});\n$('.tracking-btn').click(function () {\n                var fd = new FormData();\n          \t\t\t fd.append(\"action\", \"tracking_filter\");\t\n                    var other_data = $('.tracking_search').serializeArray();\n    \t\t            $.each(other_data, function(key, input) {\n    \t\t                fd.append(input.name, input.value);\t                \n    \t\t            });  \t \n            $.ajax({\n               url: 'https:\/\/gloryalliance.vn\/wp-admin\/admin-ajax.php',\n\t\t                data: fd,\n\t\t                processData: false,\n\t\t                contentType: false,\n\t\t                type: 'POST',\n\t\t\t\tbeforeSend: function() {$('.loading').show();},\n                                success: function (data) { \n\t\t\t\t\t\t\t\t\t$('.info-listing').slideDown();\n\t\t\t\t\t\t\t\t\t$('.info_list').empty();\n\t\t\t\t\t\t\t\t\t           if(data.kiem_tra==0) {\n\t\t\t\t\t\t\t\talert(\"S\u1ed1 Cont kh\u00f4ng \u0111\u00fang, vui l\u00f2ng nh\u1eadp l\u1ea1i!\");\n\t\t\t\t}\n\t\t\t\t\t\t\t\t\telse if(data.kiem_tra==1){\n\t\t\t\t\t\t\t\t\t$('#cont_id').append(data.conid);\n\t\t\t\t\t\t\t\t\t$('#size').append(data.size);\n\t\t\t\t\t\t\t\t\t$('#combinetimes').append(data.combinetimes);\n\t\t\t\t\t\t\t\t\t$('#combinenote').append(data.combinenote);\n\t\t\t\t\t\t\t\t\t$('#status').append(data.status);\n\t\t\t\t\t\t\t\t\t$('#statusnote').append(data.statusnote);\n\t\t\t\t\t\t\t\t\t$('#qualitycode').append(data.qualitycode);\n\t\t\t\t\t\t\t\t\t$('#usagenote').append(data.usagenote);\n\t\t\t\t\t\t\t\t\t$('#result').append(data.result);\n\t\t\t\t\t\t\t\t\t   }\t\t\t\n\t\t\t\t\t\t\t\t\t$('.loading').hide();\n                }\n            });\n        });\n\t\t});\n<\/script>\n[\/vc_column][\/vc_row]<\/p>\n<\/section>","protected":false},"excerpt":{"rendered":"<p>[vc_row][vc_column][\/vc_column][\/vc_row]<\/p>\n","protected":false},"author":1,"featured_media":0,"parent":0,"menu_order":0,"comment_status":"closed","ping_status":"closed","template":"page-templates\/fullwidthpage.php","meta":[],"acf":[],"yoast_head":"<!-- This site is optimized with the Yoast SEO plugin v20.8 - https:\/\/yoast.com\/wordpress\/plugins\/seo\/ -->\n<title>Glory Alliance Corp - Tracking<\/title>\n<meta name=\"robots\" content=\"index, follow, max-snippet:-1, max-image-preview:large, max-video-preview:-1\" \/>\n<link rel=\"canonical\" href=\"https:\/\/gloryalliance.vn\/en\/tracking\/\" \/>\n<meta property=\"og:locale\" content=\"en_US\" \/>\n<meta property=\"og:type\" content=\"article\" \/>\n<meta property=\"og:title\" content=\"Glory Alliance Corp - Tracking\" \/>\n<meta property=\"og:description\" content=\"[vc_row][vc_column][\/vc_column][\/vc_row]\" \/>\n<meta property=\"og:url\" content=\"https:\/\/gloryalliance.vn\/en\/tracking\/\" \/>\n<meta property=\"og:site_name\" content=\"Glory Alliance Corp\" \/>\n<meta property=\"article:modified_time\" content=\"2023-06-08T10:25:26+00:00\" \/>\n<meta name=\"twitter:card\" content=\"summary_large_image\" \/>\n<meta name=\"twitter:label1\" content=\"Est. reading time\" \/>\n\t<meta name=\"twitter:data1\" content=\"1 minute\" \/>\n<script type=\"application\/ld+json\" class=\"yoast-schema-graph\">{\"@context\":\"https:\/\/schema.org\",\"@graph\":[{\"@type\":\"WebPage\",\"@id\":\"https:\/\/gloryalliance.vn\/en\/tracking\/\",\"url\":\"https:\/\/gloryalliance.vn\/en\/tracking\/\",\"name\":\"Glory Alliance Corp - Tracking\",\"isPartOf\":{\"@id\":\"https:\/\/gloryalliance.vn\/#website\"},\"datePublished\":\"2023-06-05T09:16:21+00:00\",\"dateModified\":\"2023-06-08T10:25:26+00:00\",\"breadcrumb\":{\"@id\":\"https:\/\/gloryalliance.vn\/en\/tracking\/#breadcrumb\"},\"inLanguage\":\"en-US\",\"potentialAction\":[{\"@type\":\"ReadAction\",\"target\":[\"https:\/\/gloryalliance.vn\/en\/tracking\/\"]}]},{\"@type\":\"BreadcrumbList\",\"@id\":\"https:\/\/gloryalliance.vn\/en\/tracking\/#breadcrumb\",\"itemListElement\":[{\"@type\":\"ListItem\",\"position\":1,\"name\":\"Trang ch\u1ee7\",\"item\":\"https:\/\/gloryalliance.vn\/en\/\"},{\"@type\":\"ListItem\",\"position\":2,\"name\":\"Tracking\"}]},{\"@type\":\"WebSite\",\"@id\":\"https:\/\/gloryalliance.vn\/#website\",\"url\":\"https:\/\/gloryalliance.vn\/\",\"name\":\"Glory Alliance Corp\",\"description\":\"Moving Trust, Delivering Value\",\"publisher\":{\"@id\":\"https:\/\/gloryalliance.vn\/#organization\"},\"potentialAction\":[{\"@type\":\"SearchAction\",\"target\":{\"@type\":\"EntryPoint\",\"urlTemplate\":\"https:\/\/gloryalliance.vn\/?s={search_term_string}\"},\"query-input\":\"required name=search_term_string\"}],\"inLanguage\":\"en-US\"},{\"@type\":\"Organization\",\"@id\":\"https:\/\/gloryalliance.vn\/#organization\",\"name\":\"Glory Alliance Corp\",\"url\":\"https:\/\/gloryalliance.vn\/\",\"logo\":{\"@type\":\"ImageObject\",\"inLanguage\":\"en-US\",\"@id\":\"https:\/\/gloryalliance.vn\/#\/schema\/logo\/image\/\",\"url\":\"https:\/\/gloryalliance.vn\/wp-content\/uploads\/2026\/02\/GAC-logo.png\",\"contentUrl\":\"https:\/\/gloryalliance.vn\/wp-content\/uploads\/2026\/02\/GAC-logo.png\",\"width\":618,\"height\":329,\"caption\":\"Glory Alliance Corp\"},\"image\":{\"@id\":\"https:\/\/gloryalliance.vn\/#\/schema\/logo\/image\/\"}}]}<\/script>\n<!-- \/ Yoast SEO plugin. -->","yoast_head_json":{"title":"Glory Alliance Corp - Tracking","robots":{"index":"index","follow":"follow","max-snippet":"max-snippet:-1","max-image-preview":"max-image-preview:large","max-video-preview":"max-video-preview:-1"},"canonical":"https:\/\/gloryalliance.vn\/en\/tracking\/","og_locale":"en_US","og_type":"article","og_title":"Glory Alliance Corp - Tracking","og_description":"[vc_row][vc_column][\/vc_column][\/vc_row]","og_url":"https:\/\/gloryalliance.vn\/en\/tracking\/","og_site_name":"Glory Alliance Corp","article_modified_time":"2023-06-08T10:25:26+00:00","twitter_card":"summary_large_image","twitter_misc":{"Est. reading time":"1 minute"},"schema":{"@context":"https:\/\/schema.org","@graph":[{"@type":"WebPage","@id":"https:\/\/gloryalliance.vn\/en\/tracking\/","url":"https:\/\/gloryalliance.vn\/en\/tracking\/","name":"Glory Alliance Corp - Tracking","isPartOf":{"@id":"https:\/\/gloryalliance.vn\/#website"},"datePublished":"2023-06-05T09:16:21+00:00","dateModified":"2023-06-08T10:25:26+00:00","breadcrumb":{"@id":"https:\/\/gloryalliance.vn\/en\/tracking\/#breadcrumb"},"inLanguage":"en-US","potentialAction":[{"@type":"ReadAction","target":["https:\/\/gloryalliance.vn\/en\/tracking\/"]}]},{"@type":"BreadcrumbList","@id":"https:\/\/gloryalliance.vn\/en\/tracking\/#breadcrumb","itemListElement":[{"@type":"ListItem","position":1,"name":"Trang ch\u1ee7","item":"https:\/\/gloryalliance.vn\/en\/"},{"@type":"ListItem","position":2,"name":"Tracking"}]},{"@type":"WebSite","@id":"https:\/\/gloryalliance.vn\/#website","url":"https:\/\/gloryalliance.vn\/","name":"Glory Alliance Corp","description":"Moving Trust, Delivering Value","publisher":{"@id":"https:\/\/gloryalliance.vn\/#organization"},"potentialAction":[{"@type":"SearchAction","target":{"@type":"EntryPoint","urlTemplate":"https:\/\/gloryalliance.vn\/?s={search_term_string}"},"query-input":"required name=search_term_string"}],"inLanguage":"en-US"},{"@type":"Organization","@id":"https:\/\/gloryalliance.vn\/#organization","name":"Glory Alliance Corp","url":"https:\/\/gloryalliance.vn\/","logo":{"@type":"ImageObject","inLanguage":"en-US","@id":"https:\/\/gloryalliance.vn\/#\/schema\/logo\/image\/","url":"https:\/\/gloryalliance.vn\/wp-content\/uploads\/2026\/02\/GAC-logo.png","contentUrl":"https:\/\/gloryalliance.vn\/wp-content\/uploads\/2026\/02\/GAC-logo.png","width":618,"height":329,"caption":"Glory Alliance Corp"},"image":{"@id":"https:\/\/gloryalliance.vn\/#\/schema\/logo\/image\/"}}]}},"_links":{"self":[{"href":"https:\/\/gloryalliance.vn\/en\/wp-json\/wp\/v2\/pages\/347"}],"collection":[{"href":"https:\/\/gloryalliance.vn\/en\/wp-json\/wp\/v2\/pages"}],"about":[{"href":"https:\/\/gloryalliance.vn\/en\/wp-json\/wp\/v2\/types\/page"}],"author":[{"embeddable":true,"href":"https:\/\/gloryalliance.vn\/en\/wp-json\/wp\/v2\/users\/1"}],"replies":[{"embeddable":true,"href":"https:\/\/gloryalliance.vn\/en\/wp-json\/wp\/v2\/comments?post=347"}],"version-history":[{"count":2,"href":"https:\/\/gloryalliance.vn\/en\/wp-json\/wp\/v2\/pages\/347\/revisions"}],"predecessor-version":[{"id":407,"href":"https:\/\/gloryalliance.vn\/en\/wp-json\/wp\/v2\/pages\/347\/revisions\/407"}],"wp:attachment":[{"href":"https:\/\/gloryalliance.vn\/en\/wp-json\/wp\/v2\/media?parent=347"}],"curies":[{"name":"wp","href":"https:\/\/api.w.org\/{rel}","templated":true}]}}